{"id":923,"date":"2021-05-27T21:31:17","date_gmt":"2021-05-27T21:31:17","guid":{"rendered":"https:\/\/bijouteriefuneraire.com\/?post_type=product&#038;p=923"},"modified":"2026-01-14T15:17:49","modified_gmt":"2026-01-14T19:17:49","slug":"dome-immortel","status":"publish","type":"product","link":"https:\/\/bijouteriefuneraire.com\/fr\/produit\/dome-immortel\/","title":{"rendered":"D\u00f4me immortel"},"content":{"rendered":"<p class=\"p1\">Chaque pi\u00e8ce est unique et pr\u00e9sente des caract\u00e9ristiques qui lui sont propres. L\u2019incrustation de cendres dans diff\u00e9rents mat\u00e9riaux rendent un dernier hommage et assure \u00e0 la m\u00e9moire de traverser le temps. La BIJOUTERIE FUN\u00c9RAIRE permet d&rsquo;immortaliser \u00e0 jamais les cendres d\u2019un \u00eatre cher de fa\u00e7on discr\u00e8te et intime gr\u00e2ce \u00e0 ses diff\u00e9rentes collections de Bijoux de Vie.<\/p>\n<p class=\"p1\">La collection IMMORTEL Interpr\u00e8te \u00e0 sa fa\u00e7on formes et couleurs pour offrir une collection sobre aux th\u00e8mes profonds. Disponible en noir et en coloris vari\u00e9s.<\/p>\n<p class=\"p1\">Pour en conna\u00eetre plus sur le service de la BIJOUTERIE FUN\u00c9RAIRE, visitez la section <a href=\"https:\/\/bijouteriefuneraire.com\/questions-frequentes\/\"><span class=\"s1\">Questions fr\u00e9quentes<\/span><\/a> et t\u00e9l\u00e9chargez le <a href=\"https:\/\/bijouteriefuneraire.com\/guide.pdf\" target=\"_blank\" rel=\"noopener\"><span class=\"s1\">Guide d\u2019accompagnement<\/span><\/a>. La BIJOUTERIE FUN\u00c9RAIRE et l&rsquo;ensemble de ses collections sont des cr\u00e9ations originales \u00c8VA MAUDE.<\/p>\n","protected":false},"excerpt":{"rendered":"<h1>D\u00f4me<\/h1>\n<p><span data-sheets-root=\"1\">Pendentif de la collection IMMORTEL du nom de D\u00d4ME pr\u00e9sentant une pastille ronde en verre Moretti de couleurs vari\u00e9es de 15 mm que nous montons sur une b\u00e9li\u00e8re en argent sterling ou en or 10 carats jaune ou blanc. Les cendres sont int\u00e9gr\u00e9es dans la mati\u00e8re en fusion.<\/span><\/p>\n<p class=\"p1\">Tout pendentif en argent sterling est accompagn\u00e9 d\u2019une cha\u00eene gourmette de 16\u201d en argent sterling. Pour tout autre mod\u00e8le de cha\u00eene visitez la section \u201ccha\u00eene\u201d de la boutique.<\/p>\n<p>Pour personnaliser ce bijou avec une gravure, veuillez d\u2019abord ajouter cet article au panier d&rsquo;achat, puis cliquez sur <a href=\"https:\/\/bijouteriefuneraire.com\/service-de-gravure\">GRAVURE<\/a> sous la section SERVICE DE GRAVURE du menu principal. Pour en savoir plus sur le service de gravure, visitez la page <a href=\"https:\/\/bijouteriefuneraire.com\/info-gravure\">INFO-GRAVURE<\/a> de la section INFO.<\/p>\n<p>Les types de gravures disponibles pour cet item sont : Date, Nom, Mot, Signature.<\/p>\n","protected":false},"featured_media":907,"template":"","meta":[],"product_brand":[],"product_cat":[65],"product_tag":[],"class_list":{"0":"post-923","1":"product","2":"type-product","3":"status-publish","4":"has-post-thumbnail","6":"product_cat-immortel","8":"first","9":"instock","10":"taxable","11":"shipping-taxable","12":"purchasable","13":"product-type-variable","14":"has-default-attributes"},"aioseo_notices":[],"_links":{"self":[{"href":"https:\/\/bijouteriefuneraire.com\/fr\/wp-json\/wp\/v2\/product\/923","targetHints":{"allow":["GET"]}}],"collection":[{"href":"https:\/\/bijouteriefuneraire.com\/fr\/wp-json\/wp\/v2\/product"}],"about":[{"href":"https:\/\/bijouteriefuneraire.com\/fr\/wp-json\/wp\/v2\/types\/product"}],"version-history":[{"count":9,"href":"https:\/\/bijouteriefuneraire.com\/fr\/wp-json\/wp\/v2\/product\/923\/revisions"}],"predecessor-version":[{"id":4981,"href":"https:\/\/bijouteriefuneraire.com\/fr\/wp-json\/wp\/v2\/product\/923\/revisions\/4981"}],"wp:featuredmedia":[{"embeddable":true,"href":"https:\/\/bijouteriefuneraire.com\/fr\/wp-json\/wp\/v2\/media\/907"}],"wp:attachment":[{"href":"https:\/\/bijouteriefuneraire.com\/fr\/wp-json\/wp\/v2\/media?parent=923"}],"wp:term":[{"taxonomy":"product_brand","embeddable":true,"href":"https:\/\/bijouteriefuneraire.com\/fr\/wp-json\/wp\/v2\/product_brand?post=923"},{"taxonomy":"product_cat","embeddable":true,"href":"https:\/\/bijouteriefuneraire.com\/fr\/wp-json\/wp\/v2\/product_cat?post=923"},{"taxonomy":"product_tag","embeddable":true,"href":"https:\/\/bijouteriefuneraire.com\/fr\/wp-json\/wp\/v2\/product_tag?post=923"}],"curies":[{"name":"wp","href":"https:\/\/api.w.org\/{rel}","templated":true}]}}