{"id":4753,"date":"2025-03-13T22:39:37","date_gmt":"2025-03-14T02:39:37","guid":{"rendered":"https:\/\/bijouteriefuneraire.com\/produit\/plaque-rectangulaire\/"},"modified":"2025-03-15T17:03:14","modified_gmt":"2025-03-15T21:03:14","slug":"plaque-rectangulaire","status":"publish","type":"product","link":"https:\/\/bijouteriefuneraire.com\/fr\/produit\/plaque-rectangulaire\/","title":{"rendered":"Plaque rectangulaire"},"content":{"rendered":"<p>D\u00e9couvrez comment rendre votre bijou encore plus sp\u00e9cial gr\u00e2ce \u00e0 la gravure personnalis\u00e9e offerte par la BIJOUTERIE FUN\u00c9RAIRE. Que ce soit un nom, une date, ou un message qui refl\u00e8te votre amour et vos souvenirs, notre service de gravure vous permet de capturer et de pr\u00e9server ces moments pr\u00e9cieux de mani\u00e8re unique et significative. Transformez chaque bijou en un souvenir intemporel, grav\u00e9 pour toujours.<\/p>\n<p>Pour en conna\u00eetre plus sur le service de gravure de la BIJOUTERIE FUN\u00c9RAIRE, visitez la section <a href=\"https:\/\/bijouteriefuneraire.com\/fr\/info-gravure\/\">Info-Gravure<\/a> ou t\u00e9l\u00e9chargez le <a href=\"https:\/\/bijouteriefuneraire.com\/guide.pdf\" target=\"_blank\" rel=\"noopener\">Guide d\u2019accompagnement<\/a>. La BIJOUTERIE FUN\u00c9RAIRE et l\u2019ensemble de ses collections sont des cr\u00e9ations originales \u00c8VA MAUDE.<\/p>\n","protected":false},"excerpt":{"rendered":"<h1>Plaque rectangulaire<\/h1>\n<p>Plaque rectangulaire en acier inoxydable de 20 mm par 30 mm mont\u00e9e sur une b\u00e9li\u00e8re en acier inoxydable. Pour personnaliser ce bijou avec une gravure, veuillez d\u2019abord ajouter cet article au panier d&rsquo;achat, puis cliquez sur GRAVURE dans le menu principal ou suivez ce lien : <a href=\"bijouteriefuneraire.com\/service-de-gravure\">Ajout d\u2019une gravure personnalis\u00e9e<\/a>.<\/p>\n<p>Les types de gravures disponibles pour cet item sont : Date, Nom, Mot, Citation, Signature, Note Manuscrite, Empreinte, Empreinte Coeur. Offert avec un choix de cha\u00eene en acier inoxydable de 1 mm de large par 16&Prime; de long ou de 2 mm de large par 20&Prime; de long.<\/p>\n","protected":false},"featured_media":4752,"template":"","meta":[],"product_brand":[],"product_cat":[104],"product_tag":[],"class_list":{"0":"post-4753","1":"product","2":"type-product","3":"status-publish","4":"has-post-thumbnail","6":"product_cat-plaque-pour-gravure","8":"first","9":"instock","10":"taxable","11":"shipping-taxable","12":"purchasable","13":"product-type-variable"},"aioseo_notices":[],"_links":{"self":[{"href":"https:\/\/bijouteriefuneraire.com\/fr\/wp-json\/wp\/v2\/product\/4753","targetHints":{"allow":["GET"]}}],"collection":[{"href":"https:\/\/bijouteriefuneraire.com\/fr\/wp-json\/wp\/v2\/product"}],"about":[{"href":"https:\/\/bijouteriefuneraire.com\/fr\/wp-json\/wp\/v2\/types\/product"}],"version-history":[{"count":3,"href":"https:\/\/bijouteriefuneraire.com\/fr\/wp-json\/wp\/v2\/product\/4753\/revisions"}],"predecessor-version":[{"id":4846,"href":"https:\/\/bijouteriefuneraire.com\/fr\/wp-json\/wp\/v2\/product\/4753\/revisions\/4846"}],"wp:featuredmedia":[{"embeddable":true,"href":"https:\/\/bijouteriefuneraire.com\/fr\/wp-json\/wp\/v2\/media\/4752"}],"wp:attachment":[{"href":"https:\/\/bijouteriefuneraire.com\/fr\/wp-json\/wp\/v2\/media?parent=4753"}],"wp:term":[{"taxonomy":"product_brand","embeddable":true,"href":"https:\/\/bijouteriefuneraire.com\/fr\/wp-json\/wp\/v2\/product_brand?post=4753"},{"taxonomy":"product_cat","embeddable":true,"href":"https:\/\/bijouteriefuneraire.com\/fr\/wp-json\/wp\/v2\/product_cat?post=4753"},{"taxonomy":"product_tag","embeddable":true,"href":"https:\/\/bijouteriefuneraire.com\/fr\/wp-json\/wp\/v2\/product_tag?post=4753"}],"curies":[{"name":"wp","href":"https:\/\/api.w.org\/{rel}","templated":true}]}}