{"id":4229,"date":"2025-01-19T22:05:34","date_gmt":"2025-01-20T02:05:34","guid":{"rendered":"https:\/\/bijouteriefuneraire.com\/produit\/date\/"},"modified":"2025-03-14T12:03:34","modified_gmt":"2025-03-14T16:03:34","slug":"date","status":"publish","type":"product","link":"https:\/\/bijouteriefuneraire.com\/fr\/produit\/date\/","title":{"rendered":"Date"},"content":{"rendered":"<p class=\"p1\">D\u00e9couvrez comment rendre votre bijou encore plus sp\u00e9cial gr\u00e2ce \u00e0 la gravure personnalis\u00e9e offerte par la BIJOUTERIE FUN\u00c9RAIRE. Que ce soit un nom, une date, ou un message qui refl\u00e8te votre amour et vos souvenirs, notre service de gravure vous permet de capturer et de pr\u00e9server ces moments pr\u00e9cieux de mani\u00e8re unique et significative. Transformez chaque bijou en un souvenir intemporel, grav\u00e9 pour toujours.<\/p>\n<p class=\"p1\">Pour en conna\u00eetre plus sur le service de gravure de la BIJOUTERIE FUN\u00c9RAIRE, visitez la section <a href=\"\/info-gravure\/\"><span class=\"s1\">Info-Gravure<\/span><\/a>. La BIJOUTERIE FUN\u00c9RAIRE et l\u2019ensemble de ses collections sont des cr\u00e9ations originales \u00c8VA MAUDE.<\/p>\n<p>&nbsp;<\/p>\n","protected":false},"excerpt":{"rendered":"<h1>Date<\/h1>\n<p><span data-sheets-root=\"1\">La gravure DATE vous permet d\u2019inscrire une date ou des ann\u00e9es importantes, telles que les dates de naissance et de d\u00e9c\u00e8s d\u2019un \u00eatre cher. Cet ajout discret grave dans le temps un souvenir pr\u00e9cieux. Ex.: \u201c1940 2024\u201d ou \u201c11\/7\/2024\u201d. <\/span><\/p>\n<p><span data-sheets-root=\"1\">Inscription limit\u00e9e \u00e0 10 caract\u00e8res maximum.\u00a0<\/span><\/p>\n<p><span data-sheets-root=\"1\">Pour en savoir plus sur le service de gravure offert par la BIJOUTERIE FUN\u00c9RAIRE, consultez la page <a href=\"\/info-gravure\/\">Info-Gravure<\/a> de la section INFO du menu principal.<\/span><\/p>\n<p><span data-sheets-root=\"1\">Veuillez s\u00e9lectionner le bijou sur lequel vous souhaitez appliquer ce service \u00e0 l\u2019aide du menu d\u00e9roulant. Si le bijou n\u2019appara\u00eet pas dans la liste, cela signifie que ce type de gravure n&rsquo;est pas compatible avec ce bijou.<\/span><\/p>\n","protected":false},"featured_media":4228,"template":"","meta":[],"product_brand":[],"product_cat":[100],"product_tag":[],"class_list":{"0":"post-4229","1":"product","2":"type-product","3":"status-publish","4":"has-post-thumbnail","6":"product_cat-gravure","8":"first","9":"instock","10":"taxable","11":"shipping-taxable","12":"purchasable","13":"product-type-variable"},"aioseo_notices":[],"_links":{"self":[{"href":"https:\/\/bijouteriefuneraire.com\/fr\/wp-json\/wp\/v2\/product\/4229","targetHints":{"allow":["GET"]}}],"collection":[{"href":"https:\/\/bijouteriefuneraire.com\/fr\/wp-json\/wp\/v2\/product"}],"about":[{"href":"https:\/\/bijouteriefuneraire.com\/fr\/wp-json\/wp\/v2\/types\/product"}],"version-history":[{"count":5,"href":"https:\/\/bijouteriefuneraire.com\/fr\/wp-json\/wp\/v2\/product\/4229\/revisions"}],"predecessor-version":[{"id":4338,"href":"https:\/\/bijouteriefuneraire.com\/fr\/wp-json\/wp\/v2\/product\/4229\/revisions\/4338"}],"wp:featuredmedia":[{"embeddable":true,"href":"https:\/\/bijouteriefuneraire.com\/fr\/wp-json\/wp\/v2\/media\/4228"}],"wp:attachment":[{"href":"https:\/\/bijouteriefuneraire.com\/fr\/wp-json\/wp\/v2\/media?parent=4229"}],"wp:term":[{"taxonomy":"product_brand","embeddable":true,"href":"https:\/\/bijouteriefuneraire.com\/fr\/wp-json\/wp\/v2\/product_brand?post=4229"},{"taxonomy":"product_cat","embeddable":true,"href":"https:\/\/bijouteriefuneraire.com\/fr\/wp-json\/wp\/v2\/product_cat?post=4229"},{"taxonomy":"product_tag","embeddable":true,"href":"https:\/\/bijouteriefuneraire.com\/fr\/wp-json\/wp\/v2\/product_tag?post=4229"}],"curies":[{"name":"wp","href":"https:\/\/api.w.org\/{rel}","templated":true}]}}