{"id":323,"date":"2021-01-29T06:13:37","date_gmt":"2021-01-29T06:13:37","guid":{"rendered":"https:\/\/bijouteriefuneraire.com\/?post_type=product&#038;p=323"},"modified":"2026-01-14T15:44:20","modified_gmt":"2026-01-14T19:44:20","slug":"bizou","status":"publish","type":"product","link":"https:\/\/bijouteriefuneraire.com\/fr\/produit\/bizou\/","title":{"rendered":"Bizou"},"content":{"rendered":"<p class=\"p1\">Chaque pi\u00e8ce est unique et pr\u00e9sente des caract\u00e9ristiques qui lui sont propres. L\u2019incrustation de cendres dans diff\u00e9rents mat\u00e9riaux rendent un dernier hommage et assure \u00e0 la m\u00e9moire de traverser le temps. La BIJOUTERIE FUN\u00c9RAIRE permet d&rsquo;immortaliser \u00e0 jamais les cendres d\u2019un \u00eatre cher de fa\u00e7on discr\u00e8te et intime gr\u00e2ce \u00e0 ses diff\u00e9rentes collections de Bijoux de Vie.<\/p>\n<p class=\"p1\">La collection\u00a0<strong data-start=\"278\" data-end=\"287\">PERLE<\/strong>\u00a0interpr\u00e8te \u00e0 sa mani\u00e8re la puret\u00e9 et l\u2019\u00e9l\u00e9gance de la perle sous diff\u00e9rentes formes, qu\u2019il s\u2019agisse de\u00a0<strong data-start=\"391\" data-end=\"410\">perles de verre<\/strong>\u00a0ou de\u00a0<strong data-start=\"417\" data-end=\"439\">perles d\u2019eau douce<\/strong>. Ses lignes \u00e9pur\u00e9es et son style contemporain rendent hommage \u00e0 la beaut\u00e9 nacr\u00e9e de ces mati\u00e8res intemporelles.<\/p>\n<p class=\"p1\">Pour en conna\u00eetre plus sur le service de la BIJOUTERIE FUN\u00c9RAIRE, visitez la section <a href=\"https:\/\/bijouteriefuneraire.com\/questions-frequentes\/\"><span class=\"s1\">Questions fr\u00e9quentes<\/span><\/a> et t\u00e9l\u00e9chargez le <a href=\"https:\/\/bijouteriefuneraire.com\/guide.pdf\" target=\"_blank\" rel=\"noopener\"><span class=\"s1\">Guide d\u2019accompagnement<\/span><\/a>. La BIJOUTERIE FUN\u00c9RAIRE et l&rsquo;ensemble de ses collections sont des cr\u00e9ations originales \u00c8VA MAUDE.<\/p>\n","protected":false},"excerpt":{"rendered":"<h1>Bizou<\/h1>\n<p>Pendentif de la collection PERLE en verre moretti nacr\u00e9 d&rsquo;un diam\u00e8tre de 10 mm. Les cendres sont int\u00e9gr\u00e9es \u00e0 la mati\u00e8re en fusion et la bille ronde est mont\u00e9e sur une b\u00e9li\u00e8re en argent sterling blanc ou en or 10 carats jaune ou blanc.<\/p>\n<p class=\"p1\">Tout pendentif en argent sterling est accompagn\u00e9 d\u2019une cha\u00eene gourmette de 16\u201d en argent sterling. Pour tout autre mod\u00e8le de cha\u00eene visitez la section \u201ccha\u00eene\u201d de la boutique.<\/p>\n","protected":false},"featured_media":83,"template":"","meta":[],"product_brand":[],"product_cat":[17],"product_tag":[],"class_list":{"0":"post-323","1":"product","2":"type-product","3":"status-publish","4":"has-post-thumbnail","6":"product_cat-perle","8":"first","9":"instock","10":"taxable","11":"shipping-taxable","12":"purchasable","13":"product-type-variable","14":"has-default-attributes"},"aioseo_notices":[],"_links":{"self":[{"href":"https:\/\/bijouteriefuneraire.com\/fr\/wp-json\/wp\/v2\/product\/323","targetHints":{"allow":["GET"]}}],"collection":[{"href":"https:\/\/bijouteriefuneraire.com\/fr\/wp-json\/wp\/v2\/product"}],"about":[{"href":"https:\/\/bijouteriefuneraire.com\/fr\/wp-json\/wp\/v2\/types\/product"}],"version-history":[{"count":9,"href":"https:\/\/bijouteriefuneraire.com\/fr\/wp-json\/wp\/v2\/product\/323\/revisions"}],"predecessor-version":[{"id":4989,"href":"https:\/\/bijouteriefuneraire.com\/fr\/wp-json\/wp\/v2\/product\/323\/revisions\/4989"}],"wp:featuredmedia":[{"embeddable":true,"href":"https:\/\/bijouteriefuneraire.com\/fr\/wp-json\/wp\/v2\/media\/83"}],"wp:attachment":[{"href":"https:\/\/bijouteriefuneraire.com\/fr\/wp-json\/wp\/v2\/media?parent=323"}],"wp:term":[{"taxonomy":"product_brand","embeddable":true,"href":"https:\/\/bijouteriefuneraire.com\/fr\/wp-json\/wp\/v2\/product_brand?post=323"},{"taxonomy":"product_cat","embeddable":true,"href":"https:\/\/bijouteriefuneraire.com\/fr\/wp-json\/wp\/v2\/product_cat?post=323"},{"taxonomy":"product_tag","embeddable":true,"href":"https:\/\/bijouteriefuneraire.com\/fr\/wp-json\/wp\/v2\/product_tag?post=323"}],"curies":[{"name":"wp","href":"https:\/\/api.w.org\/{rel}","templated":true}]}}