{"id":298,"date":"2021-01-29T05:50:49","date_gmt":"2021-01-29T05:50:49","guid":{"rendered":"https:\/\/bijouteriefuneraire.com\/?post_type=product&#038;p=298"},"modified":"2026-01-14T15:52:14","modified_gmt":"2026-01-14T19:52:14","slug":"planete","status":"publish","type":"product","link":"https:\/\/bijouteriefuneraire.com\/fr\/produit\/planete\/","title":{"rendered":"Plan\u00e8te"},"content":{"rendered":"<p class=\"p1\">Chaque pi\u00e8ce est unique et pr\u00e9sente des caract\u00e9ristiques qui lui sont propres. L\u2019incrustation de cendres dans diff\u00e9rents mat\u00e9riaux rendent un dernier hommage et assure \u00e0 la m\u00e9moire de traverser le temps. La BIJOUTERIE FUN\u00c9RAIRE permet d&rsquo;immortaliser \u00e0 jamais les cendres d\u2019un \u00eatre cher de fa\u00e7on discr\u00e8te et intime gr\u00e2ce \u00e0 ses diff\u00e9rentes collections de Bijoux de Vie.<\/p>\n<p class=\"p1\">La collection CLASSIQUE regroupe les mod\u00e8les qui ont fait la popularit\u00e9 des bijoux de la grande famille M\u00c9MORABLE \u2013 Bijoux de vie. Le coeur, le diamant et la perle, pour ne nommer que ceux-l\u00e0, restent ind\u00e9modables et gages de qualit\u00e9.<\/p>\n<p class=\"p1\">Pour en conna\u00eetre plus sur le service de la BIJOUTERIE FUN\u00c9RAIRE, visitez la section <a href=\"https:\/\/bijouteriefuneraire.com\/questions-frequentes\/\"><span class=\"s1\">Questions fr\u00e9quentes<\/span><\/a> et t\u00e9l\u00e9chargez le <a href=\"https:\/\/bijouteriefuneraire.com\/guide.pdf\" target=\"_blank\" rel=\"noopener\"><span class=\"s1\">Guide d\u2019accompagnement<\/span><\/a>. La BIJOUTERIE FUN\u00c9RAIRE et l&rsquo;ensemble de ses collections sont des cr\u00e9ations originales \u00c8VA MAUDE.<\/p>\n","protected":false},"excerpt":{"rendered":"<h1>Plan\u00e8te<\/h1>\n<p><span data-sheets-value=\"{&quot;1&quot;:2,&quot;2&quot;:&quot;Pendentif de la collection CLASSIQUE en verre moretti aux couleurs de la plan\u00e8te terre d'un diam\u00e8tre de 12 mm. Les cendres sont int\u00e9gr\u00e9es \u00e0 la mati\u00e8re en fusion et la bille ronde est mont\u00e9e sur une b\u00e9li\u00e8re en argent sterling ou en or 10 carats jaune, blanc ou rose. &quot;}\" data-sheets-formula=\"=R[0]C[-22]&amp;&quot; de la collection &quot;&amp;R[0]C[-23]&amp;&quot; en &quot;&amp;R[0]C[-18]&amp;&quot; &quot;&amp;R[0]C[-17]&amp;&quot; d'un diam\u00e8tre de &quot;&amp;R[0]C[-16]&amp;&quot;. Les cendres sont int\u00e9gr\u00e9es \u00e0 la mati\u00e8re en fusion et &quot;&amp;R[0]C[-19]&amp;&quot; est mont\u00e9e sur &quot;&amp;R[0]C[-13]&amp;&quot; en &quot;&amp;R[0]C[-12]&amp;&quot; &quot;&amp;R[0]C[-11]&amp;&quot;ou en &quot;&amp;R[1]C[-12]&amp;&quot; &quot;&amp;R[1]C[-11]&amp;&quot;. &quot;&amp;R[0]C[-8]&amp;R[0]C[-15]&amp;R[0]C[-7]\">Pendentif de la collection CLASSIQUE en verre moretti aux couleurs de la plan\u00e8te terre d&rsquo;un diam\u00e8tre de 12 mm. Les cendres sont int\u00e9gr\u00e9es \u00e0 la mati\u00e8re en fusion et la bille ronde est mont\u00e9e sur une b\u00e9li\u00e8re en argent sterling ou en or 10 carats jaune ou blanc. Tout pendentif en argent sterling est accompagn\u00e9 d\u2019une cha\u00eene gourmette de 16\u201d en argent sterling. Pour tout autre mod\u00e8le de cha\u00eene visitez la section \u201ccha\u00eene\u201d de la boutique. <\/span><\/p>\n","protected":false},"featured_media":3260,"template":"","meta":[],"product_brand":[],"product_cat":[20],"product_tag":[],"class_list":{"0":"post-298","1":"product","2":"type-product","3":"status-publish","4":"has-post-thumbnail","6":"product_cat-classique","8":"first","9":"instock","10":"taxable","11":"shipping-taxable","12":"purchasable","13":"product-type-variable","14":"has-default-attributes"},"aioseo_notices":[],"_links":{"self":[{"href":"https:\/\/bijouteriefuneraire.com\/fr\/wp-json\/wp\/v2\/product\/298","targetHints":{"allow":["GET"]}}],"collection":[{"href":"https:\/\/bijouteriefuneraire.com\/fr\/wp-json\/wp\/v2\/product"}],"about":[{"href":"https:\/\/bijouteriefuneraire.com\/fr\/wp-json\/wp\/v2\/types\/product"}],"version-history":[{"count":8,"href":"https:\/\/bijouteriefuneraire.com\/fr\/wp-json\/wp\/v2\/product\/298\/revisions"}],"predecessor-version":[{"id":4992,"href":"https:\/\/bijouteriefuneraire.com\/fr\/wp-json\/wp\/v2\/product\/298\/revisions\/4992"}],"wp:featuredmedia":[{"embeddable":true,"href":"https:\/\/bijouteriefuneraire.com\/fr\/wp-json\/wp\/v2\/media\/3260"}],"wp:attachment":[{"href":"https:\/\/bijouteriefuneraire.com\/fr\/wp-json\/wp\/v2\/media?parent=298"}],"wp:term":[{"taxonomy":"product_brand","embeddable":true,"href":"https:\/\/bijouteriefuneraire.com\/fr\/wp-json\/wp\/v2\/product_brand?post=298"},{"taxonomy":"product_cat","embeddable":true,"href":"https:\/\/bijouteriefuneraire.com\/fr\/wp-json\/wp\/v2\/product_cat?post=298"},{"taxonomy":"product_tag","embeddable":true,"href":"https:\/\/bijouteriefuneraire.com\/fr\/wp-json\/wp\/v2\/product_tag?post=298"}],"curies":[{"name":"wp","href":"https:\/\/api.w.org\/{rel}","templated":true}]}}