{"id":2732,"date":"2022-07-06T16:52:29","date_gmt":"2022-07-06T20:52:29","guid":{"rendered":"https:\/\/bijouteriefuneraire.com\/?post_type=product&#038;p=2732"},"modified":"2025-03-15T16:36:21","modified_gmt":"2025-03-15T20:36:21","slug":"boite-a-souhaits-papillons","status":"publish","type":"product","link":"https:\/\/bijouteriefuneraire.com\/fr\/produit\/boite-a-souhaits-papillons\/","title":{"rendered":"Bo\u00eete \u00e0 souhaits papillons"},"content":{"rendered":"<p>Chaque pi\u00e8ce est unique et pr\u00e9sente des caract\u00e9ristiques qui lui sont propres. L\u2019incrustation de cendres dans diff\u00e9rents mat\u00e9riaux rendent un dernier hommage et assure \u00e0 la m\u00e9moire de traverser le temps. La BIJOUTERIE FUN\u00c9RAIRE permet d&rsquo;immortaliser \u00e0 jamais les cendres d\u2019un \u00eatre cher de fa\u00e7on discr\u00e8te et intime gr\u00e2ce \u00e0 ses diff\u00e9rentes collections de Bijoux de Vie.<\/p>\n<p>La collection RELIQUAIRE offre des alternatives \u00e0 l\u2019int\u00e9gration de cendre. Pour en conna\u00eetre plus sur le service de la Bijouterie Fun\u00e9raire, visitez la section <a href=\"https:\/\/bijouteriefuneraire.com\/questions-frequentes\/\">Questions fr\u00e9quentes<\/a> et t\u00e9l\u00e9chargez le <a href=\"https:\/\/bijouteriefuneraire.com\/guide.pdf\" target=\"_blank\" rel=\"noopener\">Guide d\u2019accompagnement<\/a>. La BIJOUTERIE FUN\u00c9RAIRE et l&rsquo;ensemble de ses collections sont des cr\u00e9ations originales \u00c8VA MAUDE.<\/p>\n","protected":false},"excerpt":{"rendered":"<h1>Bo\u00eete \u00e0 souhaits papillons<\/h1>\n<p>Item de la collection RELIQUAIRE en polym\u00e8re et paillettes brillantes de couleurs vari\u00e9es mesurant 70 mm par 55 mm et d&rsquo;une hauteur de 100 mm. Les cendres sont int\u00e9gr\u00e9es \u00e0 la mati\u00e8re de la forme qui est coul\u00e9e puis mont\u00e9e sur une base lumineuse en bois. Un couvercle viss\u00e9 permet d&rsquo;y glisser un message d&rsquo;amour ou un souhait personnel. C\u00e2ble USB et bloc d&rsquo;alimentation inclus.<\/p>\n<p>Pour personnaliser ce bijou avec une gravure, veuillez d\u2019abord ajouter cet article au panier d&rsquo;achat, puis cliquez sur <a href=\"https:\/\/bijouteriefuneraire.com\/service-de-gravure\">GRAVURE<\/a> sous la section SERVICE DE GRAVURE du menu principal. Pour en savoir plus sur le service de gravure, visitez la page <a href=\"https:\/\/bijouteriefuneraire.com\/info-gravure\">INFO-GRAVURE<\/a> de la section INFO.<\/p>\n<p>Les types de gravures disponibles pour cet item sont : Date, Nom, Mot, Citation, Signature, Note Manuscrite, Empreinte, Empreinte Coeur.<\/p>\n","protected":false},"featured_media":2733,"template":"","meta":[],"product_brand":[],"product_cat":[67],"product_tag":[],"class_list":{"0":"post-2732","1":"product","2":"type-product","3":"status-publish","4":"has-post-thumbnail","6":"product_cat-reliquaire","8":"first","9":"instock","10":"taxable","11":"shipping-taxable","12":"purchasable","13":"product-type-variable"},"aioseo_notices":[],"_links":{"self":[{"href":"https:\/\/bijouteriefuneraire.com\/fr\/wp-json\/wp\/v2\/product\/2732","targetHints":{"allow":["GET"]}}],"collection":[{"href":"https:\/\/bijouteriefuneraire.com\/fr\/wp-json\/wp\/v2\/product"}],"about":[{"href":"https:\/\/bijouteriefuneraire.com\/fr\/wp-json\/wp\/v2\/types\/product"}],"version-history":[{"count":5,"href":"https:\/\/bijouteriefuneraire.com\/fr\/wp-json\/wp\/v2\/product\/2732\/revisions"}],"predecessor-version":[{"id":4351,"href":"https:\/\/bijouteriefuneraire.com\/fr\/wp-json\/wp\/v2\/product\/2732\/revisions\/4351"}],"wp:featuredmedia":[{"embeddable":true,"href":"https:\/\/bijouteriefuneraire.com\/fr\/wp-json\/wp\/v2\/media\/2733"}],"wp:attachment":[{"href":"https:\/\/bijouteriefuneraire.com\/fr\/wp-json\/wp\/v2\/media?parent=2732"}],"wp:term":[{"taxonomy":"product_brand","embeddable":true,"href":"https:\/\/bijouteriefuneraire.com\/fr\/wp-json\/wp\/v2\/product_brand?post=2732"},{"taxonomy":"product_cat","embeddable":true,"href":"https:\/\/bijouteriefuneraire.com\/fr\/wp-json\/wp\/v2\/product_cat?post=2732"},{"taxonomy":"product_tag","embeddable":true,"href":"https:\/\/bijouteriefuneraire.com\/fr\/wp-json\/wp\/v2\/product_tag?post=2732"}],"curies":[{"name":"wp","href":"https:\/\/api.w.org\/{rel}","templated":true}]}}