{"id":1083,"date":"2021-05-28T00:02:37","date_gmt":"2021-05-28T00:02:37","guid":{"rendered":"https:\/\/bijouteriefuneraire.com\/?post_type=product&#038;p=1083"},"modified":"2026-01-14T14:20:07","modified_gmt":"2026-01-14T18:20:07","slug":"bagueunique","status":"publish","type":"product","link":"https:\/\/bijouteriefuneraire.com\/fr\/produit\/bagueunique\/","title":{"rendered":"Bague \u00e9ternelle"},"content":{"rendered":"<p>Chaque pi\u00e8ce est unique et pr\u00e9sente des caract\u00e9ristiques qui lui sont propres. L\u2019incrustation de cendres dans diff\u00e9rents mat\u00e9riaux rendent un dernier hommage et assure \u00e0 la m\u00e9moire de traverser le temps. La BIJOUTERIE FUN\u00c9RAIRE permet d&rsquo;immortaliser \u00e0 jamais les cendres d\u2019un \u00eatre cher de fa\u00e7on discr\u00e8te et intime gr\u00e2ce \u00e0 ses diff\u00e9rentes collections de Bijoux de Vie.<\/p>\n<p>La collection CLASSIQUE regroupe les mod\u00e8les qui ont fait la popularit\u00e9 des bijoux de la grande famille M\u00c9MORABLE Bijoux de Vie. Le coeur, le diamant et la perle, pour ne nommer que ceux-l\u00e0, restent ind\u00e9modables et gages de qualit\u00e9.<\/p>\n<p>Pour en conna\u00eetre plus sur le service de la BIJOUTERIE FUN\u00c9RAIRE, visitez la section <a href=\"https:\/\/bijouteriefuneraire.com\/questions-frequentes\/\">Questions fr\u00e9quentes<\/a> et t\u00e9l\u00e9chargez le <a href=\"https:\/\/bijouteriefuneraire.com\/guide.pdf\" target=\"_blank\" rel=\"noopener\">Guide d\u2019accompagnement<\/a>. La BIJOUTERIE FUN\u00c9RAIRE et l&rsquo;ensemble de ses collections sont des cr\u00e9ations originales \u00c8VA MAUDE.<\/p>\n","protected":false},"excerpt":{"rendered":"<h1>Bague \u00e9ternelle<\/h1>\n<p>Bague sertie de la collection CLASSIQUE en zircon cubique d&rsquo;un diam\u00e8tre de 3 mm. Les cendres sont int\u00e9gr\u00e9es \u00e0 la mati\u00e8re par proc\u00e9d\u00e9 \u00e9lectromagn\u00e9tique et le zircon est mont\u00e9 sur un anneau en argent sterling ou en or 10 carats jaune ou blanc. La bague fait 3.5 mm de largeur.<\/p>\n<p>La grandeur de la bague doit \u00eatre juste. Des frais additionnel s\u2019appliquent pour tout changement. Utiliser les services d\u2019un professionnel pour d\u00e9terminer la mesure exacte du doigt.<\/p>\n<p>Pour personnaliser ce bijou avec une gravure, veuillez d\u2019abord ajouter cet article au panier d&rsquo;achat, puis cliquez sur <a href=\"https:\/\/bijouteriefuneraire.com\/service-de-gravure\">GRAVURE<\/a> sous la section SERVICE DE GRAVURE du menu principal. Pour en savoir plus sur le service de gravure, visitez la page <a href=\"https:\/\/bijouteriefuneraire.com\/info-gravure\">INFO-GRAVURE<\/a> de la section INFO.<\/p>\n<p>Les types de gravures disponibles pour cet item sont : Date, Nom, Mot, Citation, Signature.<\/p>\n","protected":false},"featured_media":998,"template":"","meta":[],"product_brand":[],"product_cat":[20],"product_tag":[],"class_list":{"0":"post-1083","1":"product","2":"type-product","3":"status-publish","4":"has-post-thumbnail","6":"product_cat-classique","8":"first","9":"instock","10":"taxable","11":"shipping-taxable","12":"purchasable","13":"product-type-variable","14":"has-default-attributes"},"aioseo_notices":[],"_links":{"self":[{"href":"https:\/\/bijouteriefuneraire.com\/fr\/wp-json\/wp\/v2\/product\/1083","targetHints":{"allow":["GET"]}}],"collection":[{"href":"https:\/\/bijouteriefuneraire.com\/fr\/wp-json\/wp\/v2\/product"}],"about":[{"href":"https:\/\/bijouteriefuneraire.com\/fr\/wp-json\/wp\/v2\/types\/product"}],"version-history":[{"count":15,"href":"https:\/\/bijouteriefuneraire.com\/fr\/wp-json\/wp\/v2\/product\/1083\/revisions"}],"predecessor-version":[{"id":4971,"href":"https:\/\/bijouteriefuneraire.com\/fr\/wp-json\/wp\/v2\/product\/1083\/revisions\/4971"}],"wp:featuredmedia":[{"embeddable":true,"href":"https:\/\/bijouteriefuneraire.com\/fr\/wp-json\/wp\/v2\/media\/998"}],"wp:attachment":[{"href":"https:\/\/bijouteriefuneraire.com\/fr\/wp-json\/wp\/v2\/media?parent=1083"}],"wp:term":[{"taxonomy":"product_brand","embeddable":true,"href":"https:\/\/bijouteriefuneraire.com\/fr\/wp-json\/wp\/v2\/product_brand?post=1083"},{"taxonomy":"product_cat","embeddable":true,"href":"https:\/\/bijouteriefuneraire.com\/fr\/wp-json\/wp\/v2\/product_cat?post=1083"},{"taxonomy":"product_tag","embeddable":true,"href":"https:\/\/bijouteriefuneraire.com\/fr\/wp-json\/wp\/v2\/product_tag?post=1083"}],"curies":[{"name":"wp","href":"https:\/\/api.w.org\/{rel}","templated":true}]}}