{"id":4761,"date":"2025-03-13T22:39:39","date_gmt":"2025-03-14T02:39:39","guid":{"rendered":"https:\/\/bijouteriefuneraire.com\/produit\/plaque-ronde-10mm\/"},"modified":"2025-03-15T17:03:56","modified_gmt":"2025-03-15T21:03:56","slug":"plaque-ronde-10mm","status":"publish","type":"product","link":"https:\/\/bijouteriefuneraire.com\/en\/product\/plaque-ronde-10mm\/","title":{"rendered":"Plaque ronde (10mm)"},"content":{"rendered":"<p>D\u00e9couvrez comment rendre votre bijou encore plus sp\u00e9cial gr\u00e2ce \u00e0 la gravure personnalis\u00e9e offerte par la BIJOUTERIE FUN\u00c9RAIRE. Que ce soit un nom, une date, ou un message qui refl\u00e8te votre amour et vos souvenirs, notre service de gravure vous permet de capturer et de pr\u00e9server ces moments pr\u00e9cieux de mani\u00e8re unique et significative. Transformez chaque bijou en un souvenir intemporel, grav\u00e9 pour toujours.<\/p>\n<p>Pour en conna\u00eetre plus sur le service de gravure de la BIJOUTERIE FUN\u00c9RAIRE, visitez la section <a href=\"https:\/\/bijouteriefuneraire.com\/en\/info-gravure\/\">Info-Engraving<\/a> ou t\u00e9l\u00e9chargez le <a href=\"https:\/\/bijouteriefuneraire.com\/guide.pdf\" target=\"_blank\" rel=\"noopener\">Accompanying guide<\/a>. FUNERAL BIJOUTERIE and all of its collections are original \u00c8VA MAUDE creations.<\/p>","protected":false},"excerpt":{"rendered":"<h1>Plaque ronde (10mm)<\/h1>\n<p>Plaque de forme ronde en acier inoxydable d&rsquo;un diam\u00e8tre de 10 mm mont\u00e9e sur une b\u00e9li\u00e8re en acier inoxydable. Pour personnaliser ce bijou avec une gravure, veuillez d\u2019abord ajouter cet article au panier d&rsquo;achat, puis cliquez sur GRAVURE dans le menu principal ou suivez ce lien : <a href=\"\/en\/bijouteriefuneraire.com\/service-de-gravure\/\">Ajout d\u2019une gravure personnalis\u00e9e<\/a>.<\/p>\n<p>Les types de gravures disponibles pour cet item sont : Date, Nom, Mot, Citation, Signature, Note Manuscrite, Empreinte, Empreinte Coeur. Offert avec une cha\u00eene en acier inoxydable de 1 mm de large par 16&Prime; de long.<\/p>","protected":false},"featured_media":4760,"template":"","meta":[],"product_brand":[],"product_cat":[104],"product_tag":[],"class_list":{"0":"post-4761","1":"product","2":"type-product","3":"status-publish","4":"has-post-thumbnail","6":"product_cat-plaque-pour-gravure","8":"first","9":"instock","10":"taxable","11":"shipping-taxable","12":"purchasable","13":"product-type-simple"},"aioseo_notices":[],"_links":{"self":[{"href":"https:\/\/bijouteriefuneraire.com\/en\/wp-json\/wp\/v2\/product\/4761","targetHints":{"allow":["GET"]}}],"collection":[{"href":"https:\/\/bijouteriefuneraire.com\/en\/wp-json\/wp\/v2\/product"}],"about":[{"href":"https:\/\/bijouteriefuneraire.com\/en\/wp-json\/wp\/v2\/types\/product"}],"version-history":[{"count":3,"href":"https:\/\/bijouteriefuneraire.com\/en\/wp-json\/wp\/v2\/product\/4761\/revisions"}],"predecessor-version":[{"id":4848,"href":"https:\/\/bijouteriefuneraire.com\/en\/wp-json\/wp\/v2\/product\/4761\/revisions\/4848"}],"wp:featuredmedia":[{"embeddable":true,"href":"https:\/\/bijouteriefuneraire.com\/en\/wp-json\/wp\/v2\/media\/4760"}],"wp:attachment":[{"href":"https:\/\/bijouteriefuneraire.com\/en\/wp-json\/wp\/v2\/media?parent=4761"}],"wp:term":[{"taxonomy":"product_brand","embeddable":true,"href":"https:\/\/bijouteriefuneraire.com\/en\/wp-json\/wp\/v2\/product_brand?post=4761"},{"taxonomy":"product_cat","embeddable":true,"href":"https:\/\/bijouteriefuneraire.com\/en\/wp-json\/wp\/v2\/product_cat?post=4761"},{"taxonomy":"product_tag","embeddable":true,"href":"https:\/\/bijouteriefuneraire.com\/en\/wp-json\/wp\/v2\/product_tag?post=4761"}],"curies":[{"name":"wp","href":"https:\/\/api.w.org\/{rel}","templated":true}]}}