{"id":4262,"date":"2025-01-22T23:23:44","date_gmt":"2025-01-23T03:23:44","guid":{"rendered":"https:\/\/bijouteriefuneraire.com\/?page_id=4262"},"modified":"2025-01-22T23:33:49","modified_gmt":"2025-01-23T03:33:49","slug":"service-de-gravure","status":"publish","type":"page","link":"https:\/\/bijouteriefuneraire.com\/en\/service-de-gravure\/","title":{"rendered":"Engraving service"},"content":{"rendered":"<div data-elementor-type=\"wp-page\" data-elementor-id=\"4262\" class=\"elementor elementor-4262\">\n\t\t\t\t\t\t<section class=\"elementor-section elementor-top-section elementor-element elementor-element-e76c321 elementor-section-stretched elementor-section-full_width elementor-section-height-default elementor-section-height-default\" data-id=\"e76c321\" data-element_type=\"section\" data-e-type=\"section\" data-settings=\"{&quot;stretch_section&quot;:&quot;section-stretched&quot;,&quot;background_background&quot;:&quot;classic&quot;}\">\n\t\t\t\t\t\t<div class=\"elementor-container elementor-column-gap-default\">\n\t\t\t\t\t<div class=\"elementor-column elementor-col-100 elementor-top-column elementor-element elementor-element-457af64\" data-id=\"457af64\" data-element_type=\"column\" data-e-type=\"column\">\n\t\t\t<div class=\"elementor-widget-wrap elementor-element-populated\">\n\t\t\t\t\t\t<section class=\"elementor-section elementor-inner-section elementor-element elementor-element-af845a1 elementor-section-full_width elementor-section-height-default elementor-section-height-default\" data-id=\"af845a1\" data-element_type=\"section\" data-e-type=\"section\">\n\t\t\t\t\t\t<div class=\"elementor-container elementor-column-gap-default\">\n\t\t\t\t\t<div class=\"elementor-column elementor-col-50 elementor-inner-column elementor-element elementor-element-6ef5f10\" data-id=\"6ef5f10\" data-element_type=\"column\" data-e-type=\"column\">\n\t\t\t<div class=\"elementor-widget-wrap elementor-element-populated\">\n\t\t\t\t\t\t<div class=\"elementor-element elementor-element-5c4722a elementor-widget elementor-widget-image\" data-id=\"5c4722a\" data-element_type=\"widget\" data-e-type=\"widget\" data-widget_type=\"image.default\">\n\t\t\t\t<div class=\"elementor-widget-container\">\n\t\t\t\t\t\t\t\t\t\t\t\t\t\t\t<img fetchpriority=\"high\" decoding=\"async\" width=\"679\" height=\"679\" src=\"https:\/\/bijouteriefuneraire.com\/wp-content\/uploads\/2025\/01\/GRAVURE-Date2-1.jpg\" class=\"attachment-full size-full wp-image-4228\" alt=\"\" srcset=\"https:\/\/bijouteriefuneraire.com\/wp-content\/uploads\/2025\/01\/GRAVURE-Date2-1.jpg 679w, https:\/\/bijouteriefuneraire.com\/wp-content\/uploads\/2025\/01\/GRAVURE-Date2-1-300x300.jpg 300w, https:\/\/bijouteriefuneraire.com\/wp-content\/uploads\/2025\/01\/GRAVURE-Date2-1-150x150.jpg 150w, https:\/\/bijouteriefuneraire.com\/wp-content\/uploads\/2025\/01\/GRAVURE-Date2-1-12x12.jpg 12w, https:\/\/bijouteriefuneraire.com\/wp-content\/uploads\/2025\/01\/GRAVURE-Date2-1-100x100.jpg 100w\" sizes=\"(max-width: 679px) 100vw, 679px\" \/>\t\t\t\t\t\t\t\t\t\t\t\t\t\t\t<\/div>\n\t\t\t\t<\/div>\n\t\t\t\t\t<\/div>\n\t\t<\/div>\n\t\t\t\t<div class=\"elementor-column elementor-col-50 elementor-inner-column elementor-element elementor-element-adc27ed\" data-id=\"adc27ed\" data-element_type=\"column\" data-e-type=\"column\">\n\t\t\t<div class=\"elementor-widget-wrap elementor-element-populated\">\n\t\t\t\t\t\t<div class=\"elementor-element elementor-element-36c7985 elementor-widget elementor-widget-heading\" data-id=\"36c7985\" data-element_type=\"widget\" data-e-type=\"widget\" data-widget_type=\"heading.default\">\n\t\t\t\t<div class=\"elementor-widget-container\">\n\t\t\t\t\t<h6 class=\"elementor-heading-title elementor-size-default\">SERVICE OF<\/h6>\t\t\t\t<\/div>\n\t\t\t\t<\/div>\n\t\t\t\t<div class=\"elementor-element elementor-element-db42288 elementor-widget elementor-widget-heading\" data-id=\"db42288\" data-element_type=\"widget\" data-e-type=\"widget\" data-widget_type=\"heading.default\">\n\t\t\t\t<div class=\"elementor-widget-container\">\n\t\t\t\t\t<h1 class=\"elementor-heading-title elementor-size-default\">Engraving<\/h1>\t\t\t\t<\/div>\n\t\t\t\t<\/div>\n\t\t\t\t<div class=\"elementor-element elementor-element-42e0bb9 elementor-widget elementor-widget-text-editor\" data-id=\"42e0bb9\" data-element_type=\"widget\" data-e-type=\"widget\" data-widget_type=\"text-editor.default\">\n\t\t\t\t<div class=\"elementor-widget-container\">\n\t\t\t\t\t\t\t\t\t<p>Add a personalized engraving to your jewelry, capturing and preserving a precious memory in a unique and meaningful way.\u00a0<\/p>\t\t\t\t\t\t\t\t<\/div>\n\t\t\t\t<\/div>\n\t\t\t\t\t<\/div>\n\t\t<\/div>\n\t\t\t\t\t<\/div>\n\t\t<\/section>\n\t\t\t\t<section class=\"elementor-section elementor-inner-section elementor-element elementor-element-5aa62ef elementor-section-full_width elementor-section-height-default elementor-section-height-default\" data-id=\"5aa62ef\" data-element_type=\"section\" data-e-type=\"section\">\n\t\t\t\t\t\t<div class=\"elementor-container elementor-column-gap-default\">\n\t\t\t\t\t<div class=\"elementor-column elementor-col-100 elementor-inner-column elementor-element elementor-element-f2528be\" data-id=\"f2528be\" data-element_type=\"column\" data-e-type=\"column\">\n\t\t\t<div class=\"elementor-widget-wrap elementor-element-populated\">\n\t\t\t\t\t\t<div class=\"elementor-element elementor-element-ef21f9a elementor-widget elementor-widget-woo-products-widgets-products\" data-id=\"ef21f9a\" data-element_type=\"widget\" data-e-type=\"widget\" data-widget_type=\"woo-products-widgets-products.default\">\n\t\t\t\t<div class=\"elementor-widget-container\">\n\t\t\t\t\t<div class=\"elementor-woo-products-widgets-products woo-products-widgets\">\n<div class=\"woo-products-products woo-products-products--preset-2 col-row disable-cols-gap woo-products-equal-cols\"><div class=\"woo-products-products__item col-desk-4\">\n\t<div class=\"woo-products-products__inner-box\"><div class=\"woo-products-products__thumb-wrap\">\n\t<div class=\"woo-products-product-thumbnail\">\n\t<a href=\"https:\/\/bijouteriefuneraire.com\/en\/product\/date\/\" rel=\"bookmark\"><img decoding=\"async\" width=\"679\" height=\"679\" src=\"https:\/\/bijouteriefuneraire.com\/wp-content\/uploads\/2025\/01\/GRAVURE-Date2-1.jpg\" class=\"attachment-woocommerce_thumbnail size-woocommerce_thumbnail\" alt=\"\" \/><\/a>\n\t<div class=\"woo-products-product-img-overlay\"><\/div><\/div>\t<div class=\"hovered-content\">\n<div class=\"woo-products-product-button\"><a href=\"https:\/\/bijouteriefuneraire.com\/en\/product\/date\/\"  data-quantity=\"1\" class=\"button product_type_variable add_to_cart_button\" data-product_id=\"4229\" data-product_sku=\"\" aria-label=\"Select options for \u201cDate\u201d\" rel=\"nofollow\" data-no-translation=\"\" data-trp-gettext=\"\" data-no-translation-aria-label=\"\">Select options<\/a><\/div><\/div>\n<\/div>\n<div class=\"woo-products-product-title\"><a href=\"https:\/\/bijouteriefuneraire.com\/en\/product\/date\/\" rel=\"bookmark\">Date<\/a><\/div>\n\n<div class=\"woo-products-product-price\"><span class=\"woocommerce-Price-amount amount\"><span class=\"woocommerce-Price-currencySymbol\">&#036;<\/span>20.00<\/span> <small class=\"woocommerce-price-suffix\">+tx<\/small><\/div><\/div>\n<\/div><div class=\"woo-products-products__item col-desk-4\">\n\t<div class=\"woo-products-products__inner-box\"><div class=\"woo-products-products__thumb-wrap\">\n\t<div class=\"woo-products-product-thumbnail\">\n\t<a href=\"https:\/\/bijouteriefuneraire.com\/en\/product\/nom\/\" rel=\"bookmark\"><img decoding=\"async\" width=\"679\" height=\"679\" src=\"https:\/\/bijouteriefuneraire.com\/wp-content\/uploads\/2025\/01\/GRAVURE-Nom-1.jpg\" class=\"attachment-woocommerce_thumbnail size-woocommerce_thumbnail\" alt=\"\" \/><\/a>\n\t<div class=\"woo-products-product-img-overlay\"><\/div><\/div>\t<div class=\"hovered-content\">\n<div class=\"woo-products-product-button\"><a href=\"https:\/\/bijouteriefuneraire.com\/en\/product\/nom\/\"  data-quantity=\"1\" class=\"button product_type_variable add_to_cart_button\" data-product_id=\"4231\" data-product_sku=\"\" aria-label=\"Select options for \u201cNom\u201d\" rel=\"nofollow\" data-no-translation=\"\" data-trp-gettext=\"\" data-no-translation-aria-label=\"\">Select options<\/a><\/div><\/div>\n<\/div>\n<div class=\"woo-products-product-title\"><a href=\"https:\/\/bijouteriefuneraire.com\/en\/product\/nom\/\" rel=\"bookmark\">Name<\/a><\/div>\n\n<div class=\"woo-products-product-price\"><span class=\"woocommerce-Price-amount amount\"><span class=\"woocommerce-Price-currencySymbol\">&#036;<\/span>20.00<\/span> <small class=\"woocommerce-price-suffix\">+tx<\/small><\/div><\/div>\n<\/div><div class=\"woo-products-products__item col-desk-4\">\n\t<div class=\"woo-products-products__inner-box\"><div class=\"woo-products-products__thumb-wrap\">\n\t<div class=\"woo-products-product-thumbnail\">\n\t<a href=\"https:\/\/bijouteriefuneraire.com\/en\/product\/mot\/\" rel=\"bookmark\"><img loading=\"lazy\" decoding=\"async\" width=\"679\" height=\"679\" src=\"https:\/\/bijouteriefuneraire.com\/wp-content\/uploads\/2025\/01\/GRAVURE-Mot-1.jpg\" class=\"attachment-woocommerce_thumbnail size-woocommerce_thumbnail\" alt=\"\" \/><\/a>\n\t<div class=\"woo-products-product-img-overlay\"><\/div><\/div>\t<div class=\"hovered-content\">\n<div class=\"woo-products-product-button\"><a href=\"https:\/\/bijouteriefuneraire.com\/en\/product\/mot\/\"  data-quantity=\"1\" class=\"button product_type_variable add_to_cart_button\" data-product_id=\"4233\" data-product_sku=\"\" aria-label=\"Select options for \u201cMot\u201d\" rel=\"nofollow\" data-no-translation=\"\" data-trp-gettext=\"\" data-no-translation-aria-label=\"\">Select options<\/a><\/div><\/div>\n<\/div>\n<div class=\"woo-products-product-title\"><a href=\"https:\/\/bijouteriefuneraire.com\/en\/product\/mot\/\" rel=\"bookmark\">Word<\/a><\/div>\n\n<div class=\"woo-products-product-price\"><span class=\"woocommerce-Price-amount amount\"><span class=\"woocommerce-Price-currencySymbol\">&#036;<\/span>20.00<\/span> <small class=\"woocommerce-price-suffix\">+tx<\/small><\/div><\/div>\n<\/div><div class=\"woo-products-products__item col-desk-4\">\n\t<div class=\"woo-products-products__inner-box\"><div class=\"woo-products-products__thumb-wrap\">\n\t<div class=\"woo-products-product-thumbnail\">\n\t<a href=\"https:\/\/bijouteriefuneraire.com\/en\/product\/texte\/\" rel=\"bookmark\"><img loading=\"lazy\" decoding=\"async\" width=\"679\" height=\"679\" src=\"https:\/\/bijouteriefuneraire.com\/wp-content\/uploads\/2025\/01\/GRAVURE-Texte-1.jpg\" class=\"attachment-woocommerce_thumbnail size-woocommerce_thumbnail\" alt=\"\" \/><\/a>\n\t<div class=\"woo-products-product-img-overlay\"><\/div><\/div>\t<div class=\"hovered-content\">\n<div class=\"woo-products-product-button\"><a href=\"https:\/\/bijouteriefuneraire.com\/en\/product\/texte\/\"  data-quantity=\"1\" class=\"button product_type_variable add_to_cart_button\" data-product_id=\"4235\" data-product_sku=\"\" aria-label=\"Select options for \u201cTexte\u201d\" rel=\"nofollow\" data-no-translation=\"\" data-trp-gettext=\"\" data-no-translation-aria-label=\"\">Select options<\/a><\/div><\/div>\n<\/div>\n<div class=\"woo-products-product-title\"><a href=\"https:\/\/bijouteriefuneraire.com\/en\/product\/texte\/\" rel=\"bookmark\">Text<\/a><\/div>\n\n<div class=\"woo-products-product-price\"><span class=\"woocommerce-Price-amount amount\"><span class=\"woocommerce-Price-currencySymbol\">&#036;<\/span>30.00<\/span> <small class=\"woocommerce-price-suffix\">+tx<\/small><\/div><\/div>\n<\/div><div class=\"woo-products-products__item col-desk-4\">\n\t<div class=\"woo-products-products__inner-box\"><div class=\"woo-products-products__thumb-wrap\">\n\t<div class=\"woo-products-product-thumbnail\">\n\t<a href=\"https:\/\/bijouteriefuneraire.com\/en\/product\/signature\/\" rel=\"bookmark\"><img loading=\"lazy\" decoding=\"async\" width=\"679\" height=\"679\" src=\"https:\/\/bijouteriefuneraire.com\/wp-content\/uploads\/2025\/01\/GRAVURE-Signature-1.jpg\" class=\"attachment-woocommerce_thumbnail size-woocommerce_thumbnail\" alt=\"\" \/><\/a>\n\t<div class=\"woo-products-product-img-overlay\"><\/div><\/div>\t<div class=\"hovered-content\">\n<div class=\"woo-products-product-button\"><a href=\"https:\/\/bijouteriefuneraire.com\/en\/product\/signature\/\"  data-quantity=\"1\" class=\"button product_type_variable add_to_cart_button\" data-product_id=\"4237\" data-product_sku=\"\" aria-label=\"Select options for \u201cSignature\u201d\" rel=\"nofollow\" data-no-translation=\"\" data-trp-gettext=\"\" data-no-translation-aria-label=\"\">Select options<\/a><\/div><\/div>\n<\/div>\n<div class=\"woo-products-product-title\"><a href=\"https:\/\/bijouteriefuneraire.com\/en\/product\/signature\/\" rel=\"bookmark\">Signature<\/a><\/div>\n\n<div class=\"woo-products-product-price\"><span class=\"woocommerce-Price-amount amount\"><span class=\"woocommerce-Price-currencySymbol\">&#036;<\/span>65.00<\/span> <small class=\"woocommerce-price-suffix\">+tx<\/small><\/div><\/div>\n<\/div><div class=\"woo-products-products__item col-desk-4\">\n\t<div class=\"woo-products-products__inner-box\"><div class=\"woo-products-products__thumb-wrap\">\n\t<div class=\"woo-products-product-thumbnail\">\n\t<a href=\"https:\/\/bijouteriefuneraire.com\/en\/product\/note-manuscrite\/\" rel=\"bookmark\"><img loading=\"lazy\" decoding=\"async\" width=\"679\" height=\"679\" src=\"https:\/\/bijouteriefuneraire.com\/wp-content\/uploads\/2025\/01\/GRAVURE-Manuscrite-1.jpg\" class=\"attachment-woocommerce_thumbnail size-woocommerce_thumbnail\" alt=\"\" \/><\/a>\n\t<div class=\"woo-products-product-img-overlay\"><\/div><\/div>\t<div class=\"hovered-content\">\n<div class=\"woo-products-product-button\"><a href=\"https:\/\/bijouteriefuneraire.com\/en\/product\/note-manuscrite\/\"  data-quantity=\"1\" class=\"button product_type_variable add_to_cart_button\" data-product_id=\"4239\" data-product_sku=\"\" aria-label=\"Select options for \u201cNote manuscrite\u201d\" rel=\"nofollow\" data-no-translation=\"\" data-trp-gettext=\"\" data-no-translation-aria-label=\"\">Select options<\/a><\/div><\/div>\n<\/div>\n<div class=\"woo-products-product-title\"><a href=\"https:\/\/bijouteriefuneraire.com\/en\/product\/note-manuscrite\/\" rel=\"bookmark\">Handwritten note<\/a><\/div>\n\n<div class=\"woo-products-product-price\"><span class=\"woocommerce-Price-amount amount\"><span class=\"woocommerce-Price-currencySymbol\">&#036;<\/span>85.00<\/span> <small class=\"woocommerce-price-suffix\">+tx<\/small><\/div><\/div>\n<\/div><div class=\"woo-products-products__item col-desk-4\">\n\t<div class=\"woo-products-products__inner-box\"><div class=\"woo-products-products__thumb-wrap\">\n\t<div class=\"woo-products-product-thumbnail\">\n\t<a href=\"https:\/\/bijouteriefuneraire.com\/en\/product\/empreinte\/\" rel=\"bookmark\"><img loading=\"lazy\" decoding=\"async\" width=\"679\" height=\"679\" src=\"https:\/\/bijouteriefuneraire.com\/wp-content\/uploads\/2025\/01\/GRAVURE-Empreinte-1.jpg\" class=\"attachment-woocommerce_thumbnail size-woocommerce_thumbnail\" alt=\"\" \/><\/a>\n\t<div class=\"woo-products-product-img-overlay\"><\/div><\/div>\t<div class=\"hovered-content\">\n<div class=\"woo-products-product-button\"><a href=\"https:\/\/bijouteriefuneraire.com\/en\/product\/empreinte\/\"  data-quantity=\"1\" class=\"button product_type_variable add_to_cart_button\" data-product_id=\"4241\" data-product_sku=\"\" aria-label=\"Select options for \u201cEmpreinte\u201d\" rel=\"nofollow\" data-no-translation=\"\" data-trp-gettext=\"\" data-no-translation-aria-label=\"\">Select options<\/a><\/div><\/div>\n<\/div>\n<div class=\"woo-products-product-title\"><a href=\"https:\/\/bijouteriefuneraire.com\/en\/product\/empreinte\/\" rel=\"bookmark\">Footprint<\/a><\/div>\n\n<div class=\"woo-products-product-price\"><span class=\"woocommerce-Price-amount amount\"><span class=\"woocommerce-Price-currencySymbol\">&#036;<\/span>125.00<\/span> <small class=\"woocommerce-price-suffix\">+tx<\/small><\/div><\/div>\n<\/div><div class=\"woo-products-products__item col-desk-4\">\n\t<div class=\"woo-products-products__inner-box\"><div class=\"woo-products-products__thumb-wrap\">\n\t<div class=\"woo-products-product-thumbnail\">\n\t<a href=\"https:\/\/bijouteriefuneraire.com\/en\/product\/empreinte-coeur\/\" rel=\"bookmark\"><img loading=\"lazy\" decoding=\"async\" width=\"679\" height=\"679\" src=\"https:\/\/bijouteriefuneraire.com\/wp-content\/uploads\/2025\/01\/GRAVURE-EmpreinteCoeur-1.jpg\" class=\"attachment-woocommerce_thumbnail size-woocommerce_thumbnail\" alt=\"\" \/><\/a>\n\t<div class=\"woo-products-product-img-overlay\"><\/div><\/div>\t<div class=\"hovered-content\">\n<div class=\"woo-products-product-button\"><a href=\"https:\/\/bijouteriefuneraire.com\/en\/product\/empreinte-coeur\/\"  data-quantity=\"1\" class=\"button product_type_variable add_to_cart_button\" data-product_id=\"4243\" data-product_sku=\"\" aria-label=\"Select options for \u201cEmpreinte Coeur\u201d\" rel=\"nofollow\" data-no-translation=\"\" data-trp-gettext=\"\" data-no-translation-aria-label=\"\">Select options<\/a><\/div><\/div>\n<\/div>\n<div class=\"woo-products-product-title\"><a href=\"https:\/\/bijouteriefuneraire.com\/en\/product\/empreinte-coeur\/\" rel=\"bookmark\">Heart Print<\/a><\/div>\n\n<div class=\"woo-products-product-price\"><span class=\"woocommerce-Price-amount amount\"><span class=\"woocommerce-Price-currencySymbol\">&#036;<\/span>125.00<\/span> <small class=\"woocommerce-price-suffix\">+tx<\/small><\/div><\/div>\n<\/div><\/div>\n<\/div>\t\t\t\t<\/div>\n\t\t\t\t<\/div>\n\t\t\t\t\t<\/div>\n\t\t<\/div>\n\t\t\t\t\t<\/div>\n\t\t<\/section>\n\t\t\t\t\t<\/div>\n\t\t<\/div>\n\t\t\t\t\t<\/div>\n\t\t<\/section>\n\t\t\t\t<\/div>","protected":false},"excerpt":{"rendered":"<p>SERVICE DE Gravure Ajoutez une gravure personnalis\u00e9e \u00e0 votre bijou, permettant ainsi de capturer et de pr\u00e9server un souvenir pr\u00e9cieux d\u2019une mani\u00e8re unique et significative.\u00a0 Choix des options Date &#036;20.00 +tx Choix des options Nom &#036;20.00 +tx Choix des options Mot &#036;20.00 +tx Choix des options Texte &#036;30.00 +tx Choix des options Signature &#036;65.00 +tx&hellip; <br \/> <a class=\"read-more\" href=\"https:\/\/bijouteriefuneraire.com\/en\/product\/empreinte-coeur\/\">Read more<\/a><\/p>","protected":false},"author":1,"featured_media":0,"parent":0,"menu_order":0,"comment_status":"closed","ping_status":"closed","template":"elementor_header_footer","meta":{"footnotes":""},"class_list":["post-4262","page","type-page","status-publish","hentry"],"aioseo_notices":[],"_links":{"self":[{"href":"https:\/\/bijouteriefuneraire.com\/en\/wp-json\/wp\/v2\/pages\/4262","targetHints":{"allow":["GET"]}}],"collection":[{"href":"https:\/\/bijouteriefuneraire.com\/en\/wp-json\/wp\/v2\/pages"}],"about":[{"href":"https:\/\/bijouteriefuneraire.com\/en\/wp-json\/wp\/v2\/types\/page"}],"author":[{"embeddable":true,"href":"https:\/\/bijouteriefuneraire.com\/en\/wp-json\/wp\/v2\/users\/1"}],"replies":[{"embeddable":true,"href":"https:\/\/bijouteriefuneraire.com\/en\/wp-json\/wp\/v2\/comments?post=4262"}],"version-history":[{"count":10,"href":"https:\/\/bijouteriefuneraire.com\/en\/wp-json\/wp\/v2\/pages\/4262\/revisions"}],"predecessor-version":[{"id":4279,"href":"https:\/\/bijouteriefuneraire.com\/en\/wp-json\/wp\/v2\/pages\/4262\/revisions\/4279"}],"wp:attachment":[{"href":"https:\/\/bijouteriefuneraire.com\/en\/wp-json\/wp\/v2\/media?parent=4262"}],"curies":[{"name":"wp","href":"https:\/\/api.w.org\/{rel}","templated":true}]}}