{"id":237,"date":"2021-01-29T03:10:50","date_gmt":"2021-01-29T07:10:50","guid":{"rendered":"https:\/\/bijouteriefuneraire.com\/?page_id=237"},"modified":"2025-11-07T16:17:54","modified_gmt":"2025-11-07T20:17:54","slug":"classique","status":"publish","type":"page","link":"https:\/\/bijouteriefuneraire.com\/en\/classique\/","title":{"rendered":"Classic"},"content":{"rendered":"<div data-elementor-type=\"wp-page\" data-elementor-id=\"237\" class=\"elementor elementor-237\">\n\t\t\t\t\t\t<section class=\"elementor-section elementor-top-section elementor-element elementor-element-e76c321 elementor-section-stretched elementor-section-full_width elementor-section-height-default elementor-section-height-default\" data-id=\"e76c321\" data-element_type=\"section\" data-e-type=\"section\" data-settings=\"{&quot;stretch_section&quot;:&quot;section-stretched&quot;,&quot;background_background&quot;:&quot;classic&quot;}\">\n\t\t\t\t\t\t<div class=\"elementor-container elementor-column-gap-default\">\n\t\t\t\t\t<div class=\"elementor-column elementor-col-100 elementor-top-column elementor-element elementor-element-457af64\" data-id=\"457af64\" data-element_type=\"column\" data-e-type=\"column\">\n\t\t\t<div class=\"elementor-widget-wrap elementor-element-populated\">\n\t\t\t\t\t\t<section class=\"elementor-section elementor-inner-section elementor-element elementor-element-af845a1 elementor-section-full_width elementor-section-height-default elementor-section-height-default\" data-id=\"af845a1\" data-element_type=\"section\" data-e-type=\"section\">\n\t\t\t\t\t\t<div class=\"elementor-container elementor-column-gap-default\">\n\t\t\t\t\t<div class=\"elementor-column elementor-col-50 elementor-inner-column elementor-element elementor-element-6ef5f10\" data-id=\"6ef5f10\" data-element_type=\"column\" data-e-type=\"column\">\n\t\t\t<div class=\"elementor-widget-wrap elementor-element-populated\">\n\t\t\t\t\t\t<div class=\"elementor-element elementor-element-5c4722a elementor-widget elementor-widget-image\" data-id=\"5c4722a\" data-element_type=\"widget\" data-e-type=\"widget\" data-widget_type=\"image.default\">\n\t\t\t\t<div class=\"elementor-widget-container\">\n\t\t\t\t\t\t\t\t\t\t\t\t\t\t\t<img fetchpriority=\"high\" decoding=\"async\" width=\"1000\" height=\"1000\" src=\"https:\/\/bijouteriefuneraire.com\/wp-content\/uploads\/2021\/01\/Classique-Amour-AR.jpg\" class=\"attachment-full size-full wp-image-3283\" alt=\"\" srcset=\"https:\/\/bijouteriefuneraire.com\/wp-content\/uploads\/2021\/01\/Classique-Amour-AR.jpg 1000w, https:\/\/bijouteriefuneraire.com\/wp-content\/uploads\/2021\/01\/Classique-Amour-AR-300x300.jpg 300w, https:\/\/bijouteriefuneraire.com\/wp-content\/uploads\/2021\/01\/Classique-Amour-AR-150x150.jpg 150w, https:\/\/bijouteriefuneraire.com\/wp-content\/uploads\/2021\/01\/Classique-Amour-AR-768x768.jpg 768w, https:\/\/bijouteriefuneraire.com\/wp-content\/uploads\/2021\/01\/Classique-Amour-AR-12x12.jpg 12w, https:\/\/bijouteriefuneraire.com\/wp-content\/uploads\/2021\/01\/Classique-Amour-AR-100x100.jpg 100w\" sizes=\"(max-width: 1000px) 100vw, 1000px\" \/>\t\t\t\t\t\t\t\t\t\t\t\t\t\t\t<\/div>\n\t\t\t\t<\/div>\n\t\t\t\t\t<\/div>\n\t\t<\/div>\n\t\t\t\t<div class=\"elementor-column elementor-col-50 elementor-inner-column elementor-element elementor-element-adc27ed\" data-id=\"adc27ed\" data-element_type=\"column\" data-e-type=\"column\">\n\t\t\t<div class=\"elementor-widget-wrap elementor-element-populated\">\n\t\t\t\t\t\t<div class=\"elementor-element elementor-element-36c7985 elementor-widget elementor-widget-heading\" data-id=\"36c7985\" data-element_type=\"widget\" data-e-type=\"widget\" data-widget_type=\"heading.default\">\n\t\t\t\t<div class=\"elementor-widget-container\">\n\t\t\t\t\t<h6 class=\"elementor-heading-title elementor-size-default\">COLLECTION<\/h6>\t\t\t\t<\/div>\n\t\t\t\t<\/div>\n\t\t\t\t<div class=\"elementor-element elementor-element-db42288 elementor-widget elementor-widget-heading\" data-id=\"db42288\" data-element_type=\"widget\" data-e-type=\"widget\" data-widget_type=\"heading.default\">\n\t\t\t\t<div class=\"elementor-widget-container\">\n\t\t\t\t\t<h1 class=\"elementor-heading-title elementor-size-default\">Classic<\/h1>\t\t\t\t<\/div>\n\t\t\t\t<\/div>\n\t\t\t\t<div class=\"elementor-element elementor-element-42e0bb9 elementor-widget elementor-widget-text-editor\" data-id=\"42e0bb9\" data-element_type=\"widget\" data-e-type=\"widget\" data-widget_type=\"text-editor.default\">\n\t\t\t\t<div class=\"elementor-widget-container\">\n\t\t\t\t\t\t\t\t\t<p>The CLASSIC collection brings together the designs that have contributed to the popularity of  BIJOUTERIE FUN\u00c9RAIRE. The heart, the diamond, and the pearl, to name just a few, remain timeless and symbols of quality.<\/p>\t\t\t\t\t\t\t\t<\/div>\n\t\t\t\t<\/div>\n\t\t\t\t\t<\/div>\n\t\t<\/div>\n\t\t\t\t\t<\/div>\n\t\t<\/section>\n\t\t\t\t<section class=\"elementor-section elementor-inner-section elementor-element elementor-element-5aa62ef elementor-section-full_width elementor-section-height-default elementor-section-height-default\" data-id=\"5aa62ef\" data-element_type=\"section\" data-e-type=\"section\">\n\t\t\t\t\t\t<div class=\"elementor-container elementor-column-gap-default\">\n\t\t\t\t\t<div class=\"elementor-column elementor-col-100 elementor-inner-column elementor-element elementor-element-f2528be\" data-id=\"f2528be\" data-element_type=\"column\" data-e-type=\"column\">\n\t\t\t<div class=\"elementor-widget-wrap elementor-element-populated\">\n\t\t\t\t\t\t<div class=\"elementor-element elementor-element-ef21f9a elementor-widget elementor-widget-woo-products-widgets-products\" data-id=\"ef21f9a\" data-element_type=\"widget\" data-e-type=\"widget\" data-widget_type=\"woo-products-widgets-products.default\">\n\t\t\t\t<div class=\"elementor-widget-container\">\n\t\t\t\t\t<div class=\"elementor-woo-products-widgets-products woo-products-widgets\">\n<div class=\"woo-products-products woo-products-products--preset-2 col-row disable-cols-gap woo-products-equal-cols\"><div class=\"woo-products-products__item col-desk-4\">\n\t<div class=\"woo-products-products__inner-box\"><div class=\"woo-products-products__thumb-wrap\">\n\t<div class=\"woo-products-product-thumbnail\">\n\t<a href=\"https:\/\/bijouteriefuneraire.com\/en\/product\/immortel\/\" rel=\"bookmark\"><img decoding=\"async\" width=\"1000\" height=\"1000\" src=\"https:\/\/bijouteriefuneraire.com\/wp-content\/uploads\/2023\/08\/Classique-Immortelargent3.jpg\" class=\"attachment-woocommerce_thumbnail size-woocommerce_thumbnail\" alt=\"\" \/><\/a>\n\t<div class=\"woo-products-product-img-overlay\"><\/div><\/div>\t<div class=\"hovered-content\">\n<div class=\"woo-products-product-button\"><a href=\"https:\/\/bijouteriefuneraire.com\/en\/product\/immortel\/\"  data-quantity=\"1\" class=\"button product_type_variable add_to_cart_button\" data-product_id=\"2961\" data-product_sku=\"\" aria-label=\"Select options for \u201cImmortel\u201d\" rel=\"nofollow\" data-no-translation=\"\" data-trp-gettext=\"\" data-no-translation-aria-label=\"\">Select options<\/a><\/div><\/div>\n<\/div>\n<div class=\"woo-products-product-title\"><a href=\"https:\/\/bijouteriefuneraire.com\/en\/product\/immortel\/\" rel=\"bookmark\">Immortal<\/a><\/div>\n\n<div class=\"woo-products-product-price\"><span class=\"woocommerce-Price-amount amount\" aria-hidden=\"true\"><span class=\"woocommerce-Price-currencySymbol\">&#036;<\/span>230.00<\/span> <span aria-hidden=\"true\">&ndash;<\/span> <span class=\"woocommerce-Price-amount amount\" aria-hidden=\"true\"><span class=\"woocommerce-Price-currencySymbol\">&#036;<\/span>290.00<\/span><span class=\"screen-reader-text\" data-no-translation=\"\" data-trp-gettext=\"\">Price range: &#036;230.00 through &#036;290.00<\/span> <small class=\"woocommerce-price-suffix\">+tx<\/small><\/div><\/div>\n<\/div><div class=\"woo-products-products__item col-desk-4\">\n\t<div class=\"woo-products-products__inner-box\"><div class=\"woo-products-products__thumb-wrap\">\n\t<div class=\"woo-products-product-thumbnail\">\n\t<a href=\"https:\/\/bijouteriefuneraire.com\/en\/product\/perle-classique\/\" rel=\"bookmark\"><img decoding=\"async\" width=\"1000\" height=\"1000\" src=\"https:\/\/bijouteriefuneraire.com\/wp-content\/uploads\/2023\/08\/Classique-Perleargent2.jpg\" class=\"attachment-woocommerce_thumbnail size-woocommerce_thumbnail\" alt=\"\" \/><\/a>\n\t<div class=\"woo-products-product-img-overlay\"><\/div><\/div>\t<div class=\"hovered-content\">\n<div class=\"woo-products-product-button\"><a href=\"https:\/\/bijouteriefuneraire.com\/en\/product\/perle-classique\/\"  data-quantity=\"1\" class=\"button product_type_variable add_to_cart_button\" data-product_id=\"317\" data-product_sku=\"0001\" aria-label=\"Select options for \u201cPerle classique\u201d\" rel=\"nofollow\" data-no-translation=\"\" data-trp-gettext=\"\" data-no-translation-aria-label=\"\">Select options<\/a><\/div><\/div>\n<\/div>\n<div class=\"woo-products-product-title\"><a href=\"https:\/\/bijouteriefuneraire.com\/en\/product\/perle-classique\/\" rel=\"bookmark\">Classic Pearl<\/a><\/div>\n\n<div class=\"woo-products-product-price\"><span class=\"woocommerce-Price-amount amount\" aria-hidden=\"true\"><span class=\"woocommerce-Price-currencySymbol\">&#036;<\/span>230.00<\/span> <span aria-hidden=\"true\">&ndash;<\/span> <span class=\"woocommerce-Price-amount amount\" aria-hidden=\"true\"><span class=\"woocommerce-Price-currencySymbol\">&#036;<\/span>280.00<\/span><span class=\"screen-reader-text\" data-no-translation=\"\" data-trp-gettext=\"\">Price range: &#036;230.00 through &#036;280.00<\/span> <small class=\"woocommerce-price-suffix\">+tx<\/small><\/div><\/div>\n<\/div><div class=\"woo-products-products__item col-desk-4\">\n\t<div class=\"woo-products-products__inner-box\"><div class=\"woo-products-products__thumb-wrap\">\n\t<div class=\"woo-products-product-thumbnail\">\n\t<a href=\"https:\/\/bijouteriefuneraire.com\/en\/product\/amour\/\" rel=\"bookmark\"><img loading=\"lazy\" decoding=\"async\" width=\"1000\" height=\"1000\" src=\"https:\/\/bijouteriefuneraire.com\/wp-content\/uploads\/2021\/01\/Classique-Amour-AR.jpg\" class=\"attachment-woocommerce_thumbnail size-woocommerce_thumbnail\" alt=\"\" \/><\/a>\n\t<div class=\"woo-products-product-img-overlay\"><\/div><\/div>\t<div class=\"hovered-content\">\n<div class=\"woo-products-product-button\"><a href=\"https:\/\/bijouteriefuneraire.com\/en\/product\/amour\/\"  data-quantity=\"1\" class=\"button product_type_variable add_to_cart_button\" data-product_id=\"250\" data-product_sku=\"\" aria-label=\"Select options for \u201cAmour\u201d\" rel=\"nofollow\" data-no-translation=\"\" data-trp-gettext=\"\" data-no-translation-aria-label=\"\">Select options<\/a><\/div><\/div>\n<\/div>\n<div class=\"woo-products-product-title\"><a href=\"https:\/\/bijouteriefuneraire.com\/en\/product\/amour\/\" rel=\"bookmark\">Love<\/a><\/div>\n\n<div class=\"woo-products-product-price\"><span class=\"woocommerce-Price-amount amount\" aria-hidden=\"true\"><span class=\"woocommerce-Price-currencySymbol\">&#036;<\/span>230.00<\/span> <span aria-hidden=\"true\">&ndash;<\/span> <span class=\"woocommerce-Price-amount amount\" aria-hidden=\"true\"><span class=\"woocommerce-Price-currencySymbol\">&#036;<\/span>290.00<\/span><span class=\"screen-reader-text\" data-no-translation=\"\" data-trp-gettext=\"\">Price range: &#036;230.00 through &#036;290.00<\/span> <small class=\"woocommerce-price-suffix\">+tx<\/small><\/div><\/div>\n<\/div><div class=\"woo-products-products__item col-desk-4\">\n\t<div class=\"woo-products-products__inner-box\"><div class=\"woo-products-products__thumb-wrap\">\n\t<div class=\"woo-products-product-thumbnail\">\n\t<a href=\"https:\/\/bijouteriefuneraire.com\/en\/product\/planete\/\" rel=\"bookmark\"><img loading=\"lazy\" decoding=\"async\" width=\"1000\" height=\"1000\" src=\"https:\/\/bijouteriefuneraire.com\/wp-content\/uploads\/2023\/08\/Classique-Planeteargent2.jpg\" class=\"attachment-woocommerce_thumbnail size-woocommerce_thumbnail\" alt=\"\" \/><\/a>\n\t<div class=\"woo-products-product-img-overlay\"><\/div><\/div>\t<div class=\"hovered-content\">\n<div class=\"woo-products-product-button\"><a href=\"https:\/\/bijouteriefuneraire.com\/en\/product\/planete\/\"  data-quantity=\"1\" class=\"button product_type_variable add_to_cart_button\" data-product_id=\"298\" data-product_sku=\"\" aria-label=\"Select options for \u201cPlan\u00e8te\u201d\" rel=\"nofollow\" data-no-translation=\"\" data-trp-gettext=\"\" data-no-translation-aria-label=\"\">Select options<\/a><\/div><\/div>\n<\/div>\n<div class=\"woo-products-product-title\"><a href=\"https:\/\/bijouteriefuneraire.com\/en\/product\/planete\/\" rel=\"bookmark\">Planet<\/a><\/div>\n\n<div class=\"woo-products-product-price\"><span class=\"woocommerce-Price-amount amount\" aria-hidden=\"true\"><span class=\"woocommerce-Price-currencySymbol\">&#036;<\/span>300.00<\/span> <span aria-hidden=\"true\">&ndash;<\/span> <span class=\"woocommerce-Price-amount amount\" aria-hidden=\"true\"><span class=\"woocommerce-Price-currencySymbol\">&#036;<\/span>540.00<\/span><span class=\"screen-reader-text\" data-no-translation=\"\" data-trp-gettext=\"\">Price range: &#036;300.00 through &#036;540.00<\/span> <small class=\"woocommerce-price-suffix\">+tx<\/small><\/div><\/div>\n<\/div><div class=\"woo-products-products__item col-desk-4\">\n\t<div class=\"woo-products-products__inner-box\"><div class=\"woo-products-products__thumb-wrap\">\n\t<div class=\"woo-products-product-thumbnail\">\n\t<a href=\"https:\/\/bijouteriefuneraire.com\/en\/product\/symbiose\/\" rel=\"bookmark\"><img loading=\"lazy\" decoding=\"async\" width=\"1000\" height=\"1000\" src=\"https:\/\/bijouteriefuneraire.com\/wp-content\/uploads\/2021\/05\/Classique-Symbioseor-argent.jpg\" class=\"attachment-woocommerce_thumbnail size-woocommerce_thumbnail\" alt=\"\" \/><\/a>\n\t<div class=\"woo-products-product-img-overlay\"><\/div><\/div>\t<div class=\"hovered-content\">\n<div class=\"woo-products-product-button\"><a href=\"https:\/\/bijouteriefuneraire.com\/en\/product\/symbiose\/\"  data-quantity=\"1\" class=\"button product_type_variable add_to_cart_button\" data-product_id=\"303\" data-product_sku=\"\" aria-label=\"Select options for \u201cSymbiose\u201d\" rel=\"nofollow\" data-no-translation=\"\" data-trp-gettext=\"\" data-no-translation-aria-label=\"\">Select options<\/a><\/div><\/div>\n<\/div>\n<div class=\"woo-products-product-title\"><a href=\"https:\/\/bijouteriefuneraire.com\/en\/product\/symbiose\/\" rel=\"bookmark\">Symbiosis<\/a><\/div>\n\n<div class=\"woo-products-product-price\"><span class=\"woocommerce-Price-amount amount\" aria-hidden=\"true\"><span class=\"woocommerce-Price-currencySymbol\">&#036;<\/span>660.00<\/span> <span aria-hidden=\"true\">&ndash;<\/span> <span class=\"woocommerce-Price-amount amount\" aria-hidden=\"true\"><span class=\"woocommerce-Price-currencySymbol\">&#036;<\/span>3,120.00<\/span><span class=\"screen-reader-text\" data-no-translation=\"\" data-trp-gettext=\"\">Price range: &#036;660.00 through &#036;3,120.00<\/span> <small class=\"woocommerce-price-suffix\">+tx<\/small><\/div><\/div>\n<\/div><div class=\"woo-products-products__item col-desk-4\">\n\t<div class=\"woo-products-products__inner-box\"><div class=\"woo-products-products__thumb-wrap\">\n\t<div class=\"woo-products-product-thumbnail\">\n\t<a href=\"https:\/\/bijouteriefuneraire.com\/en\/product\/boucledoreilleunique\/\" rel=\"bookmark\"><img loading=\"lazy\" decoding=\"async\" width=\"1000\" height=\"1000\" src=\"https:\/\/bijouteriefuneraire.com\/wp-content\/uploads\/2021\/05\/Hommage-UniqueBOargent.jpg\" class=\"attachment-woocommerce_thumbnail size-woocommerce_thumbnail\" alt=\"\" \/><\/a>\n\t<div class=\"woo-products-product-img-overlay\"><\/div><\/div>\t<div class=\"hovered-content\">\n<div class=\"woo-products-product-button\"><a href=\"https:\/\/bijouteriefuneraire.com\/en\/product\/boucledoreilleunique\/\"  data-quantity=\"1\" class=\"button product_type_variable add_to_cart_button\" data-product_id=\"1089\" data-product_sku=\"\" aria-label=\"Select options for \u201cBoucle d&#039;oreille \u00e9ternelle\u201d\" rel=\"nofollow\" data-no-translation=\"\" data-trp-gettext=\"\" data-no-translation-aria-label=\"\">Select options<\/a><\/div><\/div>\n<\/div>\n<div class=\"woo-products-product-title\"><a href=\"https:\/\/bijouteriefuneraire.com\/en\/product\/boucledoreilleunique\/\" rel=\"bookmark\">Boucle d&rsquo;oreille \u00e9ternelle<\/a><\/div>\n\n<div class=\"woo-products-product-price\"><span class=\"woocommerce-Price-amount amount\" aria-hidden=\"true\"><span class=\"woocommerce-Price-currencySymbol\">&#036;<\/span>400.00<\/span> <span aria-hidden=\"true\">&ndash;<\/span> <span class=\"woocommerce-Price-amount amount\" aria-hidden=\"true\"><span class=\"woocommerce-Price-currencySymbol\">&#036;<\/span>940.00<\/span><span class=\"screen-reader-text\" data-no-translation=\"\" data-trp-gettext=\"\">Price range: &#036;400.00 through &#036;940.00<\/span> <small class=\"woocommerce-price-suffix\">+tx<\/small><\/div><\/div>\n<\/div><div class=\"woo-products-products__item col-desk-4\">\n\t<div class=\"woo-products-products__inner-box\"><div class=\"woo-products-products__thumb-wrap\">\n\t<div class=\"woo-products-product-thumbnail\">\n\t<a href=\"https:\/\/bijouteriefuneraire.com\/en\/product\/pendantif-unique\/\" rel=\"bookmark\"><img loading=\"lazy\" decoding=\"async\" width=\"1000\" height=\"1000\" src=\"https:\/\/bijouteriefuneraire.com\/wp-content\/uploads\/2021\/05\/Hommage-UniquePendentifargent.jpg\" class=\"attachment-woocommerce_thumbnail size-woocommerce_thumbnail\" alt=\"\" \/><\/a>\n\t<div class=\"woo-products-product-img-overlay\"><\/div><\/div>\t<div class=\"hovered-content\">\n<div class=\"woo-products-product-button\"><a href=\"https:\/\/bijouteriefuneraire.com\/en\/product\/pendantif-unique\/\"  data-quantity=\"1\" class=\"button product_type_variable add_to_cart_button\" data-product_id=\"1040\" data-product_sku=\"\" aria-label=\"Select options for \u201cPendentif \u00e9ternel\u201d\" rel=\"nofollow\" data-no-translation=\"\" data-trp-gettext=\"\" data-no-translation-aria-label=\"\">Select options<\/a><\/div><\/div>\n<\/div>\n<div class=\"woo-products-product-title\"><a href=\"https:\/\/bijouteriefuneraire.com\/en\/product\/pendantif-unique\/\" rel=\"bookmark\">Pendentif \u00e9ternel<\/a><\/div>\n\n<div class=\"woo-products-product-price\"><span class=\"woocommerce-Price-amount amount\" aria-hidden=\"true\"><span class=\"woocommerce-Price-currencySymbol\">&#036;<\/span>500.00<\/span> <span aria-hidden=\"true\">&ndash;<\/span> <span class=\"woocommerce-Price-amount amount\" aria-hidden=\"true\"><span class=\"woocommerce-Price-currencySymbol\">&#036;<\/span>730.00<\/span><span class=\"screen-reader-text\" data-no-translation=\"\" data-trp-gettext=\"\">Price range: &#036;500.00 through &#036;730.00<\/span> <small class=\"woocommerce-price-suffix\">+tx<\/small><\/div><\/div>\n<\/div><div class=\"woo-products-products__item col-desk-4\">\n\t<div class=\"woo-products-products__inner-box\"><div class=\"woo-products-products__thumb-wrap\">\n\t<div class=\"woo-products-product-thumbnail\">\n\t<a href=\"https:\/\/bijouteriefuneraire.com\/en\/product\/bagueunique\/\" rel=\"bookmark\"><img loading=\"lazy\" decoding=\"async\" width=\"1000\" height=\"1000\" src=\"https:\/\/bijouteriefuneraire.com\/wp-content\/uploads\/2021\/05\/Hommage-UniqueBagueargent.jpg\" class=\"attachment-woocommerce_thumbnail size-woocommerce_thumbnail\" alt=\"\" \/><\/a>\n\t<div class=\"woo-products-product-img-overlay\"><\/div><\/div>\t<div class=\"hovered-content\">\n<div class=\"woo-products-product-button\"><a href=\"https:\/\/bijouteriefuneraire.com\/en\/product\/bagueunique\/\"  data-quantity=\"1\" class=\"button product_type_variable add_to_cart_button\" data-product_id=\"1083\" data-product_sku=\"\" aria-label=\"Select options for \u201cBague \u00e9ternelle\u201d\" rel=\"nofollow\" data-no-translation=\"\" data-trp-gettext=\"\" data-no-translation-aria-label=\"\">Select options<\/a><\/div><\/div>\n<\/div>\n<div class=\"woo-products-product-title\"><a href=\"https:\/\/bijouteriefuneraire.com\/en\/product\/bagueunique\/\" rel=\"bookmark\">Eternal Ring<\/a><\/div>\n\n<div class=\"woo-products-product-price\"><span class=\"woocommerce-Price-amount amount\" aria-hidden=\"true\"><span class=\"woocommerce-Price-currencySymbol\">&#036;<\/span>650.00<\/span> <span aria-hidden=\"true\">&ndash;<\/span> <span class=\"woocommerce-Price-amount amount\" aria-hidden=\"true\"><span class=\"woocommerce-Price-currencySymbol\">&#036;<\/span>1,700.00<\/span><span class=\"screen-reader-text\" data-no-translation=\"\" data-trp-gettext=\"\">Price range: &#036;650.00 through &#036;1,700.00<\/span> <small class=\"woocommerce-price-suffix\">+tx<\/small><\/div><\/div>\n<\/div><div class=\"woo-products-products__item col-desk-4\">\n\t<div class=\"woo-products-products__inner-box\"><div class=\"woo-products-products__thumb-wrap\">\n\t<div class=\"woo-products-product-thumbnail\">\n\t<a href=\"https:\/\/bijouteriefuneraire.com\/en\/product\/romantique\/\" rel=\"bookmark\"><img loading=\"lazy\" decoding=\"async\" width=\"1000\" height=\"1000\" src=\"https:\/\/bijouteriefuneraire.com\/wp-content\/uploads\/2021\/05\/Immortel-Romantiqueargent.jpg\" class=\"attachment-woocommerce_thumbnail size-woocommerce_thumbnail\" alt=\"\" \/><\/a>\n\t<div class=\"woo-products-product-img-overlay\"><\/div><\/div>\t<div class=\"hovered-content\">\n<div class=\"woo-products-product-button\"><a href=\"https:\/\/bijouteriefuneraire.com\/en\/product\/romantique\/\"  data-quantity=\"1\" class=\"button product_type_variable add_to_cart_button\" data-product_id=\"952\" data-product_sku=\"\" aria-label=\"Select options for \u201cRomantique\u201d\" rel=\"nofollow\" data-no-translation=\"\" data-trp-gettext=\"\" data-no-translation-aria-label=\"\">Select options<\/a><\/div><\/div>\n<\/div>\n<div class=\"woo-products-product-title\"><a href=\"https:\/\/bijouteriefuneraire.com\/en\/product\/romantique\/\" rel=\"bookmark\">Romantic<\/a><\/div>\n\n<div class=\"woo-products-product-price\"><span class=\"woocommerce-Price-amount amount\" aria-hidden=\"true\"><span class=\"woocommerce-Price-currencySymbol\">&#036;<\/span>340.00<\/span> <span aria-hidden=\"true\">&ndash;<\/span> <span class=\"woocommerce-Price-amount amount\" aria-hidden=\"true\"><span class=\"woocommerce-Price-currencySymbol\">&#036;<\/span>540.00<\/span><span class=\"screen-reader-text\" data-no-translation=\"\" data-trp-gettext=\"\">Price range: &#036;340.00 through &#036;540.00<\/span> <small class=\"woocommerce-price-suffix\">+tx<\/small><\/div><\/div>\n<\/div><\/div>\n<\/div>\t\t\t\t<\/div>\n\t\t\t\t<\/div>\n\t\t\t\t\t<\/div>\n\t\t<\/div>\n\t\t\t\t\t<\/div>\n\t\t<\/section>\n\t\t\t\t\t<\/div>\n\t\t<\/div>\n\t\t\t\t\t<\/div>\n\t\t<\/section>\n\t\t\t\t<\/div>","protected":false},"excerpt":{"rendered":"<p>COLLECTION Classique La collection CLASSIQUE regroupe les mod\u00e8les qui ont fait la popularit\u00e9 des bijoux de la BIJOUTERIE FUN\u00c9RAIRE \u2013 Bijoux de vie. Le coeur, le diamant et la perle, pour ne nommer que ceux-l\u00e0, restent ind\u00e9modables et gages de qualit\u00e9. Choix des options Immortel &#036;230.00 \u00a0\u2013\u00a0 &#036;290.00Plage de prix\u00a0: &#036;230.00 \u00e0 &#036;290.00 +tx Choix&hellip; <br \/> <a class=\"read-more\" href=\"https:\/\/bijouteriefuneraire.com\/en\/product\/romantique\/\">Read more<\/a><\/p>","protected":false},"author":1,"featured_media":0,"parent":0,"menu_order":0,"comment_status":"closed","ping_status":"closed","template":"elementor_header_footer","meta":{"footnotes":""},"class_list":["post-237","page","type-page","status-publish","hentry"],"aioseo_notices":[],"_links":{"self":[{"href":"https:\/\/bijouteriefuneraire.com\/en\/wp-json\/wp\/v2\/pages\/237","targetHints":{"allow":["GET"]}}],"collection":[{"href":"https:\/\/bijouteriefuneraire.com\/en\/wp-json\/wp\/v2\/pages"}],"about":[{"href":"https:\/\/bijouteriefuneraire.com\/en\/wp-json\/wp\/v2\/types\/page"}],"author":[{"embeddable":true,"href":"https:\/\/bijouteriefuneraire.com\/en\/wp-json\/wp\/v2\/users\/1"}],"replies":[{"embeddable":true,"href":"https:\/\/bijouteriefuneraire.com\/en\/wp-json\/wp\/v2\/comments?post=237"}],"version-history":[{"count":37,"href":"https:\/\/bijouteriefuneraire.com\/en\/wp-json\/wp\/v2\/pages\/237\/revisions"}],"predecessor-version":[{"id":4921,"href":"https:\/\/bijouteriefuneraire.com\/en\/wp-json\/wp\/v2\/pages\/237\/revisions\/4921"}],"wp:attachment":[{"href":"https:\/\/bijouteriefuneraire.com\/en\/wp-json\/wp\/v2\/media?parent=237"}],"curies":[{"name":"wp","href":"https:\/\/api.w.org\/{rel}","templated":true}]}}